{"id":3,"date":"2025-10-10T09:23:24","date_gmt":"2025-10-10T09:23:24","guid":{"rendered":"https:\/\/bemmalimusavirlik.com\/?page_id=3"},"modified":"2026-01-14T18:19:41","modified_gmt":"2026-01-14T18:19:41","slug":"privacy-policy","status":"publish","type":"page","link":"https:\/\/bemmalimusavirlik.com\/en\/privacy-policy\/","title":{"rendered":"Privacy Policy"},"content":{"rendered":"<div data-elementor-type=\"wp-page\" data-elementor-id=\"3\" class=\"elementor elementor-3\">\n\t\t\t\t<div class=\"elementor-element elementor-element-5b658e7d e-flex e-con-boxed e-con e-parent\" data-id=\"5b658e7d\" data-element_type=\"container\" data-e-type=\"container\">\n\t\t\t\t\t<div class=\"e-con-inner\">\n\t\t\t\t<div class=\"elementor-element elementor-element-ca66455 elementor-widget elementor-widget-text-editor\" data-id=\"ca66455\" data-element_type=\"widget\" data-e-type=\"widget\" data-widget_type=\"text-editor.default\">\n\t\t\t\t\t\t\t\t\t\n<p>https:\/\/bemmalimusavirlik.com\/ (\u201c<strong>BEM Financial Consultancy Website<\/strong>\u201d) welcome. <strong>BEM Financial Consultancy<\/strong> we pay special attention to the protection of your privacy. The protection of your data in accordance with the law and information security is an integral part of our policy.<\/p>\n\n<p>We would like to point out that <strong>BEM Financial Consultancy Website<\/strong>\u2019links to other pages are not covered by this privacy statement. When using such links, the privacy policies of the relevant pages should be followed.<\/p>\n\n<p><strong>BEM Financial Consultancy Website<\/strong>\u2019Your personal data that we record by automatic or non-automatic methods and that you share with us electronically during your visit to the website, primarily to ensure the fulfillment of your requests, and then <strong>BEM Financial Consultancy<\/strong> to provide you with a better service.<\/p>\n\n<p>Also <strong>BEM Financial Consultancy Privacy Policy<\/strong> In line with the provisions of the Privacy Policy, due care is taken regarding the protection and security of your personal data. The organizations from which we receive support services are also ensured to comply with our privacy standards and conditions.<\/p>\n\n<p>In this direction, <strong>BEM Financial Consultancy Website<\/strong>\u2019Our basic approach is to protect all information shared with us at 's from unauthorized access, misuse and modification, corruption and destruction; to ensure the confidentiality, integrity and availability of information.<\/p>\n\n<p>The commitments made in this policy are solely <strong>BEM Financial Consultancy Website<\/strong>\u2019applies to the information shared on this website. The privacy policies, ethical principles and terms of use of other websites linked to on this site are valid, and any material or moral losses that may be incurred on these sites <strong>BEM Financial Consultancy<\/strong> is not responsible.<\/p>\n\n<p class=\"wp-block-heading\"><strong>Cookies and Webpage Traffic<\/strong><\/p>\n\n<p>Cookies are text files sent by the website server to your device when you visit a website. In these files, some information about your website visit is stored. Thus, when you access the website again from the devices you accessed, your devices will remember this information.<\/p>\n\n<p>Cookies, <strong>BEM Financial Consultancy Website<\/strong>\u2019are collected through your devices from which you access the website. Cookies are used to provide you with a better page navigation, better service and experience.<\/p>\n\n<p>Cookies, depending on their type, may collect data about your browsing and usage preferences on the device from which you access the website. This data may include the pages you access, your reviews and navigation information on the website.<\/p>\n\n<p>You are visiting <strong>BEM Financial Consultancy Website<\/strong>, uses basically two types of cookies:<\/p>\n\n<p><strong>Session Cookies<\/strong> and <strong>Persistent Cookies<\/strong>.<\/p>\n\n<ul class=\"wp-block-list\">\n<li><strong>Session cookies<\/strong>, are temporary cookies that are kept on your device until you leave the website.<\/li>\n\n<li><strong>Persistent cookies<\/strong> may be stored on your device until deleted by you or depending on your browser settings.<\/li>\n<\/ul>\n\n<p>When you visit our website, cookies from third party websites may also be received. These cookies are outside the scope of this privacy statement and are subject to the privacy policies of the relevant third parties.<\/p>\n\n<p>You can control cookies at your discretion, prevent their collection or delete them completely. However, if cookies are deactivated, it is possible that some functions of the website may not function fully.<\/p>\n\n<p class=\"wp-block-heading\"><strong>Purposes of Use of Cookies<\/strong><\/p>\n\n<p><strong>Cookies for Operational Purposes:<\/strong><\/p>\n\n<p>It is used to ensure the safe and correct operation of the website.<\/p>\n\n<p><strong>Cookies for Functionality Purposes:<\/strong><\/p>\n\n<p>It is used to facilitate page usage and improve the experience by remembering user preferences.<\/p>\n\n<p><strong>Cookies for Performance Purposes:<\/strong><\/p>\n\n<p>It is used to measure the performance of the website, analyze visitor behavior and improve service quality.<\/p>\n\n<p class=\"wp-block-heading\"><strong>Traffic Information and Legal Obligations<\/strong><\/p>\n\n<p>No. 5651 <em>\u201cLaw on the Regulation of Publications on the Internet and Combating Crimes Committed Through These Publications\u201d<\/em> Accordingly, hosting providers are obliged to keep the traffic information of their websites for at least one year.<\/p>\n\n<p>Traffic information kept within this scope may include your IP address and the page information you access. This information alone does not make your identity identifiable; however, within the framework of legal requirements, it is subject to <strong>Personal Data Protection Law<\/strong> stored in a secure environment in accordance with its provisions.<\/p>\n\n<p class=\"wp-block-heading\"><strong>Contact<\/strong><\/p>\n\n<p>For any questions and requests regarding this privacy policy, you can contact us at the e-mail address below:<\/p>\n\n<p><strong>Email:<\/strong><br \/>bem@bemmalimusavirlik.com<\/p>\n\t\t\t\t\t\t\t\t<\/div>\n\t\t\t\t\t<\/div>\n\t\t\t\t<\/div>\n\t\t\t\t<\/div>","protected":false},"excerpt":{"rendered":"<p>https:\/\/bemmalimusavirlik.com\/ sayfas\u0131na (\u201cBEM Mali M\u00fc\u015favirlik \u0130nternet Sayfas\u0131\u201d) ho\u015f geldiniz. BEM Mali M\u00fc\u015favirlik olarak, gizlili\u011finizin korunmas\u0131na \u00f6zel olarak \u00f6nem vermekteyiz. Verilerinizin hukuka uygun olarak korunmas\u0131 ve bilgi g\u00fcvenli\u011fi, politikam\u0131z\u0131n ayr\u0131lmaz bir par\u00e7as\u0131d\u0131r. Belirtmek isteriz ki BEM Mali M\u00fc\u015favirlik \u0130nternet Sitesi\u2019nde yer alan ve ba\u015fka sayfalara y\u00f6nlendirmede bulunan ba\u011flant\u0131lar bu gizlilik bildirimi kapsam\u0131nda de\u011fildir. Bu gibi ba\u011flant\u0131lar [&hellip;]<\/p>\n","protected":false},"author":1,"featured_media":0,"parent":0,"menu_order":0,"comment_status":"closed","ping_status":"closed","template":"","meta":{"footnotes":""},"class_list":["post-3","page","type-page","status-publish","hentry"],"_links":{"self":[{"href":"https:\/\/bemmalimusavirlik.com\/en\/wp-json\/wp\/v2\/pages\/3","targetHints":{"allow":["GET"]}}],"collection":[{"href":"https:\/\/bemmalimusavirlik.com\/en\/wp-json\/wp\/v2\/pages"}],"about":[{"href":"https:\/\/bemmalimusavirlik.com\/en\/wp-json\/wp\/v2\/types\/page"}],"author":[{"embeddable":true,"href":"https:\/\/bemmalimusavirlik.com\/en\/wp-json\/wp\/v2\/users\/1"}],"replies":[{"embeddable":true,"href":"https:\/\/bemmalimusavirlik.com\/en\/wp-json\/wp\/v2\/comments?post=3"}],"version-history":[{"count":0,"href":"https:\/\/bemmalimusavirlik.com\/en\/wp-json\/wp\/v2\/pages\/3\/revisions"}],"wp:attachment":[{"href":"https:\/\/bemmalimusavirlik.com\/en\/wp-json\/wp\/v2\/media?parent=3"}],"curies":[{"name":"wp","href":"https:\/\/api.w.org\/{rel}","templated":true}]}}