{"id":3638,"date":"2021-05-27T08:22:27","date_gmt":"2021-05-27T08:22:27","guid":{"rendered":"https:\/\/staging.liquid-themes.com\/lawyer\/?page_id=3638"},"modified":"2026-01-17T09:12:13","modified_gmt":"2026-01-17T09:12:13","slug":"about-us","status":"publish","type":"page","link":"https:\/\/bemmalimusavirlik.com\/en\/about-us\/","title":{"rendered":"About Us"},"content":{"rendered":"<div data-elementor-type=\"wp-page\" data-elementor-id=\"3638\" class=\"elementor elementor-3638\">\n\t\t\t\t<div class=\"elementor-element elementor-element-5806a5e e-flex e-con-boxed e-con e-parent\" data-id=\"5806a5e\" data-element_type=\"container\" data-e-type=\"container\" data-settings=\"{&quot;background_background&quot;:&quot;classic&quot;}\">\n\t\t\t\t\t<div class=\"e-con-inner\">\n\t\t<div class=\"elementor-element elementor-element-23c92c1 e-con-full e-flex e-con e-child\" data-id=\"23c92c1\" data-element_type=\"container\" data-e-type=\"container\">\n\t\t<div class=\"elementor-element elementor-element-788a0e0 e-con-full e-flex e-con e-child\" data-id=\"788a0e0\" data-element_type=\"container\" data-e-type=\"container\">\n\t\t<div class=\"elementor-element elementor-element-23bc16f e-con-full e-flex e-con e-child\" data-id=\"23bc16f\" data-element_type=\"container\" data-e-type=\"container\" data-settings=\"{&quot;background_background&quot;:&quot;classic&quot;}\">\n\t\t\t\t<\/div>\n\t\t<div class=\"elementor-element elementor-element-b0468dd e-con-full e-flex e-con e-child\" data-id=\"b0468dd\" data-element_type=\"container\" data-e-type=\"container\">\n\t\t\t\t<div class=\"elementor-element elementor-element-e79d46b elementor-widget elementor-widget-hub_fancy_heading\" data-id=\"e79d46b\" data-element_type=\"widget\" data-e-type=\"widget\" data-widget_type=\"hub_fancy_heading.default\">\n\t\t\t\t<div class=\"elementor-widget-container\">\n\t\t\t\t\t\n\t\t<div id=\"ld-fancy-heading-69fb1c5e5e906\" class=\"ld-fancy-heading pos-rel\">\n\t\t\t<h2 class=\"ld-fh-element d-inline-block pos-rel  elementor-heading-title lqd-highlight-classic lqd-highlight-grow-left h2\"  > Who Are We?\n<\/h2>\t\t<\/div>\n\n\t\t\t\t\t\t<\/div>\n\t\t\t\t<\/div>\n\t\t\t\t<div class=\"elementor-element elementor-element-cb22903 elementor-widget elementor-widget-text-editor\" data-id=\"cb22903\" data-element_type=\"widget\" data-e-type=\"widget\" data-widget_type=\"text-editor.default\">\n\t\t\t\t\t\t\t\t\t<p class=\"p1\">BEM Financial Consultancy was established to support businesses to manage their accounting, tax and financial processes in a transparent and sustainable structure in accordance with the legislation. By serving a wide range of clients from entrepreneurs to SMEs and corporate firms, we ensure that financial processes are not only a legal obligation, <span class=\"s1\"><b>a strategic management tool<\/b><\/span> as a \"good thing\".<\/p><p class=\"p1\">We believe that financial decisions should be made with the right information; accordingly, we understand the business model, sector and goals of each client and create customized solutions. Thanks to our disciplined working approach, timely reporting principle and open communication approach, we offer a reliable companionship at every stage of financial processes.<\/p><p class=\"p1\">By closely monitoring constantly updated legislation and changing economic conditions, we help businesses anticipate risks and seize opportunities at the right time. We aim to build our clients' financial structures on solid foundations with our approach that targets long-term stability rather than short-term solutions.<\/p><p class=\"p1\">As BEM Financial Consultancy; In line with the principles of trust, expertise and sustainability, we offer a financial consultancy approach that secures the present while planning the future of businesses.<\/p>\t\t\t\t\t\t\t\t<\/div>\n\t\t\t\t<\/div>\n\t\t\t\t<\/div>\n\t\t\t\t<\/div>\n\t\t\t\t\t<\/div>\n\t\t\t\t<\/div>\n\t\t<div class=\"elementor-element elementor-element-d5a893f e-grid e-con-full e-con e-parent\" data-id=\"d5a893f\" data-element_type=\"container\" data-e-type=\"container\">\n\t\t<div class=\"elementor-element elementor-element-8875335 e-flex e-con-boxed e-con e-child\" data-id=\"8875335\" data-element_type=\"container\" data-e-type=\"container\" data-settings=\"{&quot;background_background&quot;:&quot;classic&quot;}\">\n\t\t\t\t\t<div class=\"e-con-inner\">\n\t\t\t\t<div class=\"elementor-element elementor-element-fc0fc3c elementor-align-left elementor-widget elementor-widget-ld_icon_box\" data-id=\"fc0fc3c\" data-element_type=\"widget\" data-e-type=\"widget\" data-widget_type=\"ld_icon_box.default\">\n\t\t\t\t<div class=\"elementor-widget-container\">\n\t\t\t\t\t\n\t\t\t<div id=\"ld_icon_box_fc0fc3c\" class=\"iconbox d-flex flex-grow-1 pos-rel flex-column iconbox-default\"   >\n\n\t\t\t\t\n\t\t\t\t<div class=\"iconbox-icon-wrap\"><div class=\"iconbox-icon-container d-inline-flex\"><svg xmlns=\"http:\/\/www.w3.org\/2000\/svg\" width=\"32\" height=\"32\" fill=\"#000000\" viewbox=\"0 0 256 256\"><path d=\"M176,128a48,48,0,1,1-48-48A48,48,0,0,1,176,128Z\" opacity=\"0.2\"><\/path><path d=\"M221.87,83.16A104.1,104.1,0,1,1,195.67,49l22.67-22.68a8,8,0,0,1,11.32,11.32l-96,96a8,8,0,0,1-11.32-11.32l27.72-27.72a40,40,0,1,0,17.87,31.09,8,8,0,1,1,16-.9,56,56,0,1,1-22.38-41.65L184.3,60.39a87.88,87.88,0,1,0,23.13,29.67,8,8,0,0,1,14.44-6.9Z\"><\/path><\/svg><\/div><\/div>\n\t\t\t\t\n\t\t\t\t<div class=\"contents\">\n\t\t\t\t\n\t\t\t\t<h3 class=\"lqd-iconbox-heading\" >Our Vision <\/h3>\t\t\t\t<p>To make financial consultancy not only a necessity but also a strategic strength for businesses.\nTo be a financial advisory brand that secures our clients' today while anticipating their tomorrow; to be a reference financial advisory brand with sustainable, transparent and contemporary financial solutions.<\/p>\n\t\t\t\t\n\t\t\t\t<\/div>\n\t\t\t\t\n\t\t\t<\/div>\n\n\t\t\t\t\t\t<\/div>\n\t\t\t\t<\/div>\n\t\t\t\t\t<\/div>\n\t\t\t\t<\/div>\n\t\t<div class=\"elementor-element elementor-element-f34ea5f e-flex e-con-boxed e-con e-child\" data-id=\"f34ea5f\" data-element_type=\"container\" data-e-type=\"container\" data-settings=\"{&quot;background_background&quot;:&quot;classic&quot;}\">\n\t\t\t\t\t<div class=\"e-con-inner\">\n\t\t\t\t<div class=\"elementor-element elementor-element-00cad04 elementor-align-left elementor-widget elementor-widget-ld_icon_box\" data-id=\"00cad04\" data-element_type=\"widget\" data-e-type=\"widget\" data-widget_type=\"ld_icon_box.default\">\n\t\t\t\t<div class=\"elementor-widget-container\">\n\t\t\t\t\t\n\t\t\t<div id=\"ld_icon_box_00cad04\" class=\"iconbox d-flex flex-grow-1 pos-rel flex-column iconbox-default\"   >\n\n\t\t\t\t\n\t\t\t\t<div class=\"iconbox-icon-wrap\"><div class=\"iconbox-icon-container d-inline-flex\"><svg xmlns=\"http:\/\/www.w3.org\/2000\/svg\" width=\"32\" height=\"32\" fill=\"#000000\" viewbox=\"0 0 256 256\"><path d=\"M128,32a96,96,0,1,0,96,96A96,96,0,0,0,128,32Zm16,112L80,176l32-64,64-32Z\" opacity=\"0.2\"><\/path><path d=\"M128,24A104,104,0,1,0,232,128,104.11,104.11,0,0,0,128,24Zm0,192a88,88,0,1,1,88-88A88.1,88.1,0,0,1,128,216ZM172.42,72.84l-64,32a8.05,8.05,0,0,0-3.58,3.58l-32,64A8,8,0,0,0,80,184a8.1,8.1,0,0,0,3.58-.84l64-32a8.05,8.05,0,0,0,3.58-3.58l32-64a8,8,0,0,0-10.74-10.74ZM138,138,97.89,158.11,118,118l40.15-20.07Z\"><\/path><\/svg><\/div><\/div>\n\t\t\t\t\n\t\t\t\t<div class=\"contents\">\n\t\t\t\t\n\t\t\t\t<h3 class=\"lqd-iconbox-heading\" >Our Mission <\/h3>\t\t\t\t<p>To ensure that businesses manage their accounting, tax and financial processes in a compliant, understandable and effective manner.\nTo provide reliable companionship to our customers of all sizes, from entrepreneurs to corporate companies, with a perspective that understands the whole business, not just the numbers.<\/p>\n\t\t\t\t\n\t\t\t\t<\/div>\n\t\t\t\t\n\t\t\t<\/div>\n\n\t\t\t\t\t\t<\/div>\n\t\t\t\t<\/div>\n\t\t\t\t\t<\/div>\n\t\t\t\t<\/div>\n\t\t<div class=\"elementor-element elementor-element-fdea0b6 e-flex e-con-boxed e-con e-child\" data-id=\"fdea0b6\" data-element_type=\"container\" data-e-type=\"container\" data-settings=\"{&quot;background_background&quot;:&quot;classic&quot;}\">\n\t\t\t\t\t<div class=\"e-con-inner\">\n\t\t\t\t<div class=\"elementor-element elementor-element-821cdeb elementor-align-left elementor-widget elementor-widget-ld_icon_box\" data-id=\"821cdeb\" data-element_type=\"widget\" data-e-type=\"widget\" data-widget_type=\"ld_icon_box.default\">\n\t\t\t\t<div class=\"elementor-widget-container\">\n\t\t\t\t\t\n\t\t\t<div id=\"ld_icon_box_821cdeb\" class=\"iconbox d-flex flex-grow-1 pos-rel flex-column iconbox-default\"   >\n\n\t\t\t\t\n\t\t\t\t<div class=\"iconbox-icon-wrap\"><div class=\"iconbox-icon-container d-inline-flex\"><svg xmlns=\"http:\/\/www.w3.org\/2000\/svg\" width=\"32\" height=\"32\" fill=\"#000000\" viewbox=\"0 0 256 256\"><path d=\"M128,48v80H40.87A146.29,146.29,0,0,1,40,112V56a8,8,0,0,1,8-8Zm0,80V232s78.06-21.3,87.13-104Z\" opacity=\"0.2\"><\/path><path d=\"M208,40H48A16,16,0,0,0,32,56v56c0,52.72,25.52,84.67,46.93,102.19,23.06,18.86,46,25.27,47,25.53a8,8,0,0,0,4.2,0c1-.26,23.91-6.67,47-25.53C198.48,196.67,224,164.72,224,112V56A16,16,0,0,0,208,40ZM120,220.55a130.85,130.85,0,0,1-30.93-18.74c-21.15-17.3-34.2-39.37-39-65.81H120ZM120,120H48.23c-.15-2.63-.23-5.29-.23-8l0-56h72Zm47.4,81.42A131.31,131.31,0,0,1,136,220.53V136h69.91C201.16,162.24,188.27,184.18,167.4,201.42ZM208,112c0,2.71-.08,5.37-.23,8H136V56h72Z\"><\/path><\/svg><\/div><\/div>\n\t\t\t\t\n\t\t\t\t<div class=\"contents\">\n\t\t\t\t\n\t\t\t\t<h3 class=\"lqd-iconbox-heading\" >Our Values <\/h3>\t\t\t\t<p>Adopting a disciplined and sustainable working approach based on trust, transparency and compliance with legislation in all financial processes.\nTo provide long-term, healthy and responsible financial consultancy to businesses of all sizes through open communication and up-to-date expertise.<\/p>\n\t\t\t\t\n\t\t\t\t<\/div>\n\t\t\t\t\n\t\t\t<\/div>\n\n\t\t\t\t\t\t<\/div>\n\t\t\t\t<\/div>\n\t\t\t\t\t<\/div>\n\t\t\t\t<\/div>\n\t\t\t\t<\/div>\n\t\t\t\t<\/div>","protected":false},"excerpt":{"rendered":"<p>Biz Kimiz? BEM Mali M\u00fc\u015favirlik, i\u015fletmelerin muhasebe, vergi ve finansal s\u00fcre\u00e7lerini mevzuata uygun, \u015feffaf ve s\u00fcrd\u00fcr\u00fclebilir bir yap\u0131da y\u00f6netmelerine destek olmak amac\u0131yla kurulmu\u015ftur. Giri\u015fimcilerden KOB\u0130\u2019lere ve kurumsal firmalara kadar geni\u015f bir m\u00fc\u015fteri profiline hizmet vererek, mali s\u00fcre\u00e7leri yaln\u0131zca yasal bir zorunluluk olarak de\u011fil, stratejik bir y\u00f6netim arac\u0131 olarak ele al\u0131r. Finansal kararlar\u0131n do\u011fru bilgiyle al\u0131nmas\u0131 [&hellip;]<\/p>\n","protected":false},"author":1,"featured_media":0,"parent":0,"menu_order":0,"comment_status":"closed","ping_status":"closed","template":"","meta":{"footnotes":""},"class_list":["post-3638","page","type-page","status-publish","hentry"],"_links":{"self":[{"href":"https:\/\/bemmalimusavirlik.com\/en\/wp-json\/wp\/v2\/pages\/3638","targetHints":{"allow":["GET"]}}],"collection":[{"href":"https:\/\/bemmalimusavirlik.com\/en\/wp-json\/wp\/v2\/pages"}],"about":[{"href":"https:\/\/bemmalimusavirlik.com\/en\/wp-json\/wp\/v2\/types\/page"}],"author":[{"embeddable":true,"href":"https:\/\/bemmalimusavirlik.com\/en\/wp-json\/wp\/v2\/users\/1"}],"replies":[{"embeddable":true,"href":"https:\/\/bemmalimusavirlik.com\/en\/wp-json\/wp\/v2\/comments?post=3638"}],"version-history":[{"count":1,"href":"https:\/\/bemmalimusavirlik.com\/en\/wp-json\/wp\/v2\/pages\/3638\/revisions"}],"predecessor-version":[{"id":6247,"href":"https:\/\/bemmalimusavirlik.com\/en\/wp-json\/wp\/v2\/pages\/3638\/revisions\/6247"}],"wp:attachment":[{"href":"https:\/\/bemmalimusavirlik.com\/en\/wp-json\/wp\/v2\/media?parent=3638"}],"curies":[{"name":"wp","href":"https:\/\/api.w.org\/{rel}","templated":true}]}}