{"id":4714,"date":"2025-10-21T09:28:55","date_gmt":"2025-10-21T09:28:55","guid":{"rendered":"https:\/\/bemmalimusavirlik.com\/?page_id=4714"},"modified":"2026-01-17T09:14:49","modified_gmt":"2026-01-17T09:14:49","slug":"burak-bor","status":"publish","type":"page","link":"https:\/\/bemmalimusavirlik.com\/en\/our-team\/burak-bor\/","title":{"rendered":"Burak Bor"},"content":{"rendered":"<div data-elementor-type=\"wp-page\" data-elementor-id=\"4714\" class=\"elementor elementor-4714\">\n\t\t\t\t<div class=\"elementor-element elementor-element-5effa2d e-flex e-con-boxed e-con e-parent\" data-id=\"5effa2d\" data-element_type=\"container\" data-e-type=\"container\" data-settings=\"{&quot;background_background&quot;:&quot;classic&quot;}\">\n\t\t\t\t\t<div class=\"e-con-inner\">\n\t\t<div class=\"elementor-element elementor-element-e19cc0f e-con-full e-flex e-con e-child\" data-id=\"e19cc0f\" data-element_type=\"container\" data-e-type=\"container\">\n\t\t<div class=\"lqd-css-sticky elementor-element elementor-element-a9e9482 e-con-full e-flex e-con e-child\" style=\"top: auto; top: 130px;\" data-id=\"a9e9482\" data-element_type=\"container\" data-e-type=\"container\">\n\t\t\t\t<div class=\"elementor-element elementor-element-bf000de elementor-widget elementor-widget-ld_fancy_image\" data-id=\"bf000de\" data-element_type=\"widget\" data-e-type=\"widget\" data-widget_type=\"ld_fancy_image.default\">\n\t\t\t\t<div class=\"elementor-widget-container\">\n\t\t\t\t\t\n\t\t<div class=\"lqd-imggrp-single d-block pos-rel\">\n\t\t\t<div class=\"lqd-imggrp-img-container d-inline-flex pos-rel align-items-center justify-content-center\">\n\t\t\t\t\t\t\t\t<figure class=\"w-100 pos-rel\">\n\t\t\t\t\t<img fetchpriority=\"high\" decoding=\"async\" width=\"1024\" height=\"1024\" src=\"https:\/\/bemmalimusavirlik.com\/wp-content\/uploads\/2026\/01\/2.jpg\" class=\"attachment-full size-full wp-image-5985\" alt=\"\" srcset=\"https:\/\/bemmalimusavirlik.com\/wp-content\/uploads\/2026\/01\/2.jpg 1024w, https:\/\/bemmalimusavirlik.com\/wp-content\/uploads\/2026\/01\/2-300x300.jpg 300w, https:\/\/bemmalimusavirlik.com\/wp-content\/uploads\/2026\/01\/2-150x150.jpg 150w, https:\/\/bemmalimusavirlik.com\/wp-content\/uploads\/2026\/01\/2-12x12.jpg 12w, https:\/\/bemmalimusavirlik.com\/wp-content\/uploads\/2026\/01\/2-320x320.jpg 320w, https:\/\/bemmalimusavirlik.com\/wp-content\/uploads\/2026\/01\/2-760x760.jpg 760w\" sizes=\"(max-width: 1024px) 100vw, 1024px\" itemprop=\"image\" \/>\t\t\t\t\t\t\t\t\t\t\t\t\t\t\t\t\t\t\t\t\t\t\t\t\t\t\t\t\t<\/figure>\n\t\t\t<\/div>\n\t\t<\/div>\n\n\t\t\t\t\t<\/div>\n\t\t\t\t<\/div>\n\t\t\t\t<\/div>\n\t\t\t\t<\/div>\n\t\t<div class=\"lqd-css-sticky-column elementor-element elementor-element-c2c37da e-con-full e-flex e-con e-child\" style=\"--lqd-sticky-offset:20px\" data-id=\"c2c37da\" data-element_type=\"container\" data-e-type=\"container\">\n\t\t<div class=\"lqd-css-sticky elementor-element elementor-element-17ba16d e-con-full e-flex e-con e-child\" style=\"top: auto; top: 95px;\" data-id=\"17ba16d\" data-element_type=\"container\" data-e-type=\"container\">\n\t\t<div class=\"elementor-element elementor-element-5a0f191 e-con-full e-flex e-con e-child\" data-id=\"5a0f191\" data-element_type=\"container\" data-e-type=\"container\" data-settings=\"{&quot;background_background&quot;:&quot;classic&quot;}\">\n\t\t<div class=\"elementor-element elementor-element-d258cb3 e-con-full e-flex e-con e-child\" data-id=\"d258cb3\" data-element_type=\"container\" data-e-type=\"container\">\n\t\t\t\t<div class=\"elementor-element elementor-element-98bf3a2 elementor-widget elementor-widget-hub_fancy_heading\" data-id=\"98bf3a2\" data-element_type=\"widget\" data-e-type=\"widget\" data-widget_type=\"hub_fancy_heading.default\">\n\t\t\t\t<div class=\"elementor-widget-container\">\n\t\t\t\t\t\n\t\t<div id=\"ld-fancy-heading-69fb21182fbd7\" class=\"ld-fancy-heading pos-rel\">\n\t\t\t<h3 class=\"ld-fh-element d-inline-block pos-rel  elementor-heading-title lqd-highlight-classic lqd-highlight-grow-left h3\"  > Burak Bor<\/h3>\t\t<\/div>\n\n\t\t\t\t\t\t<\/div>\n\t\t\t\t<\/div>\n\t\t\t\t<div class=\"elementor-element elementor-element-a7c76fd elementor-widget elementor-widget-text-editor\" data-id=\"a7c76fd\" data-element_type=\"widget\" data-e-type=\"widget\" data-widget_type=\"text-editor.default\">\n\t\t\t\t\t\t\t\t\t<p><strong>Education:<br \/><\/strong>Istanbul K\u00fclt\u00fcr University - I.\u0130.B.F. Department of Business Administration Bachelor's Degree, 2009<\/p><p><strong>Work Experience:<\/strong><\/p>\t\t\t\t\t\t\t\t<\/div>\n\t\t\t\t<div class=\"elementor-element elementor-element-fa7cab8 elementor-widget elementor-widget-ld_accordion\" data-id=\"fa7cab8\" data-element_type=\"widget\" data-e-type=\"widget\" data-widget_type=\"ld_accordion.default\">\n\t\t\t\t<div class=\"elementor-widget-container\">\n\t\t\t\t\t\n\t\t<div class=\"accordion accordion-title-underlined accordion-sm\" id=\"accordion-69fb211837f6d\" role=\"tablist\" aria-multiselectable=\"true\">\n\t\t\t\t\t\t\t\t\t\t\t\t<div class=\"accordion-item panel  active\">\n\n\t\t\t\t<div class=\"accordion-heading\" role=\"tab\" id=\"heading-2621\">\n\t\t\t\t<h4 class=\"accordion-title  tabindex=\"-1\">\t\t\t\t\t<a class=\"\" role=\"button\" data-toggle=\"collapse\" data-bs-toggle=\"collapse\"\n                    tabindex=\"0\"\n\t\t\t\t\tdata-parent=\"#accordion-69fb211837f6d\" data-bs-parent=\"#accordion-69fb211837f6d\" href=\"#collapse-2621\" data-target=\"#collapse-2621\" data-bs-target=\"#collapse-2621\"\n\t\t\t\t\taria-expanded=\"true\" aria-controls=\"collapse-2621\">\n\t\t\t\t\t\t\t\t\t\t\t\t<span class=\"accordion-title-txt\">Deloitte Touche Tohmatsu Limited <br><small style=\"color:#fff;\"> Tax Audit Department Tax Manager 2015 - 2020<\/small><\/span>\n\t\t\t\t\t\t\t\t\t\t\t\t\t<span class=\"accordion-expander\"><i class=\"lqd-icn-ess icon-ion-ios-add\"><\/i><i class=\"lqd-icn-ess icon-ion-ios-remove\"><\/i><\/span>\t\t\t\t\t\t\t\t\t\t\t<\/a>\n\t\t\t\t<\/h4>\t\t\t\t<\/div>\n\n\t\t\t\t<div id=\"collapse-2621\" class=\"accordion-collapse collapse  show\" data-bs-parent=\"#accordion-69fb211837f6d\" role=\"tabpanel\" aria-labelledby=\"heading-2621\">\n\n\t\t\t\t<div class=\"accordion-content\">\n\t\t\t\t\t<p>\u2726 Tax audit services to national and international clients<br \/>Review and reporting under corporate tax, VAT and other indirect taxes<br \/>\u2726 Identifying tax risks and developing solutions<br \/>\u2726 Ensuring customer and team coordination<\/p>\t\t\t\t<\/div>\n\n\t\t\t\t<\/div>\n\n\t\t\t<\/div>\n\t\t\t\t\t\t\t\t\t<div class=\"accordion-item panel\">\n\n\t\t\t\t<div class=\"accordion-heading\" role=\"tab\" id=\"heading-2622\">\n\t\t\t\t<h4 class=\"accordion-title  tabindex=\"-1\">\t\t\t\t\t<a class=\"collapsed\" role=\"button\" data-toggle=\"collapse\" data-bs-toggle=\"collapse\"\n                    tabindex=\"0\"\n\t\t\t\t\tdata-parent=\"#accordion-69fb211837f6d\" data-bs-parent=\"#accordion-69fb211837f6d\" href=\"#collapse-2622\" data-target=\"#collapse-2622\" data-bs-target=\"#collapse-2622\"\n\t\t\t\t\taria-expanded=\"false\" aria-controls=\"collapse-2622\">\n\t\t\t\t\t\t\t\t\t\t\t\t<span class=\"accordion-title-txt\">Baker Tilly Gureli YMM <br> <small style=\"color:#fff;\">Tax Audit Department 2010 - 2015<\/small><\/span>\n\t\t\t\t\t\t\t\t\t\t\t\t\t<span class=\"accordion-expander\"><i class=\"lqd-icn-ess icon-ion-ios-add\"><\/i><i class=\"lqd-icn-ess icon-ion-ios-remove\"><\/i><\/span>\t\t\t\t\t\t\t\t\t\t\t<\/a>\n\t\t\t\t<\/h4>\t\t\t\t<\/div>\n\n\t\t\t\t<div id=\"collapse-2622\" class=\"accordion-collapse collapse\" data-bs-parent=\"#accordion-69fb211837f6d\" role=\"tabpanel\" aria-labelledby=\"heading-2622\">\n\n\t\t\t\t<div class=\"accordion-content\">\n\t\t\t\t\t<p>\u2726 Taking an active role in tax audit and attestation activities<br \/>Review of financial statements and declarations<br \/>\u2726 Performing compliance checks with tax legislation<\/p>\t\t\t\t<\/div>\n\n\t\t\t\t<\/div>\n\n\t\t\t<\/div>\n\t\t\t\t\t\t\n\t\t<\/div>\n\n\t\t\t\t\t\t<\/div>\n\t\t\t\t<\/div>\n\t\t\t\t<div class=\"elementor-element elementor-element-e233497 elementor-widget elementor-widget-text-editor\" data-id=\"e233497\" data-element_type=\"widget\" data-e-type=\"widget\" data-widget_type=\"text-editor.default\">\n\t\t\t\t\t\t\t\t\t<p><strong>Vocational Qualification<\/strong><br \/>Certified Public Accountant Financial Advisor (SMMM)<\/p><p><strong>Language:<br \/><\/strong>English (Good level)<\/p><p><strong>Skills<br \/><\/strong>\u2726 Tax Audit and Tax Consultancy<br \/>\u2726 Turkish Tax Legislation<br \/>\u2726 Financial Analysis and Reporting<br \/>\u2726 Corporate Communications<br \/>\u2726 Analytical Thinking<\/p>\t\t\t\t\t\t\t\t<\/div>\n\t\t\t\t<\/div>\n\t\t\t\t<\/div>\n\t\t<div class=\"elementor-element elementor-element-a2d47f7 e-con-full e-flex e-con e-child\" data-id=\"a2d47f7\" data-element_type=\"container\" data-e-type=\"container\" data-settings=\"{&quot;background_background&quot;:&quot;classic&quot;}\">\n\t\t<div class=\"elementor-element elementor-element-9581ffa e-con-full e-flex e-con e-child\" data-id=\"9581ffa\" data-element_type=\"container\" data-e-type=\"container\">\n\t\t\t\t<div class=\"elementor-element elementor-element-5d76c8d elementor-shape-circle e-grid-align-left elementor-grid-0 elementor-widget elementor-widget-social-icons\" data-id=\"5d76c8d\" data-element_type=\"widget\" data-e-type=\"widget\" data-widget_type=\"social-icons.default\">\n\t\t\t\t\t\t\t<div class=\"elementor-social-icons-wrapper elementor-grid\" role=\"list\">\n\t\t\t\t\t\t\t<span class=\"elementor-grid-item\" role=\"listitem\">\n\t\t\t\t\t<a class=\"elementor-icon elementor-social-icon elementor-social-icon-linkedin elementor-repeater-item-a9f8285\" href=\"https:\/\/www.linkedin.com\/in\/burak-bor-b709451b\/\" target=\"_blank\" rel=\"noopener\">\n\t\t\t\t\t\t<span class=\"elementor-screen-only\">Linkedin<\/span>\n\t\t\t\t\t\t<svg aria-hidden=\"true\" class=\"e-font-icon-svg e-fab-linkedin\" viewbox=\"0 0 448 512\" xmlns=\"http:\/\/www.w3.org\/2000\/svg\"><path d=\"M416 32H31.9C14.3 32 0 46.5 0 64.3v383.4C0 465.5 14.3 480 31.9 480H416c17.6 0 32-14.5 32-32.3V64.3c0-17.8-14.4-32.3-32-32.3zM135.4 416H69V202.2h66.5V416zm-33.2-243c-21.3 0-38.5-17.3-38.5-38.5S80.9 96 102.2 96c21.2 0 38.5 17.3 38.5 38.5 0 21.3-17.2 38.5-38.5 38.5zm282.1 243h-66.4V312c0-24.8-.5-56.7-34.5-56.7-34.6 0-39.9 27-39.9 54.9V416h-66.4V202.2h63.7v29.2h.9c8.9-16.8 30.6-34.5 62.9-34.5 67.2 0 79.7 44.3 79.7 101.9V416z\"><\/path><\/svg>\t\t\t\t\t<\/a>\n\t\t\t\t<\/span>\n\t\t\t\t\t\t\t<span class=\"elementor-grid-item\" role=\"listitem\">\n\t\t\t\t\t<a class=\"elementor-icon elementor-social-icon elementor-social-icon-envelope elementor-repeater-item-0cecb3e\" href=\"mailto:bem@bemmalimusavirlik.com\" target=\"_blank\">\n\t\t\t\t\t\t<span class=\"elementor-screen-only\">Envelope<\/span>\n\t\t\t\t\t\t<svg aria-hidden=\"true\" class=\"e-font-icon-svg e-fas-envelope\" viewbox=\"0 0 512 512\" xmlns=\"http:\/\/www.w3.org\/2000\/svg\"><path d=\"M502.3 190.8c3.9-3.1 9.7-.2 9.7 4.7V400c0 26.5-21.5 48-48 48H48c-26.5 0-48-21.5-48-48V195.6c0-5 5.7-7.8 9.7-4.7 22.4 17.4 52.1 39.5 154.1 113.6 21.1 15.4 56.7 47.8 92.2 47.6 35.7.3 72-32.8 92.3-47.6 102-74.1 131.6-96.3 154-113.7zM256 320c23.2.4 56.6-29.2 73.4-41.4 132.7-96.3 142.8-104.7 173.4-128.7 5.8-4.5 9.2-11.5 9.2-18.9v-19c0-26.5-21.5-48-48-48H48C21.5 64 0 85.5 0 112v19c0 7.4 3.4 14.3 9.2 18.9 30.6 23.9 40.7 32.4 173.4 128.7 16.8 12.2 50.2 41.8 73.4 41.4z\"><\/path><\/svg>\t\t\t\t\t<\/a>\n\t\t\t\t<\/span>\n\t\t\t\t\t<\/div>\n\t\t\t\t\t\t<\/div>\n\t\t\t\t<\/div>\n\t\t\t\t<\/div>\n\t\t\t\t<\/div>\n\t\t\t\t<\/div>\n\t\t\t\t\t<\/div>\n\t\t\t\t<\/div>\n\t\t\t\t<\/div>","protected":false},"excerpt":{"rendered":"<p>Burak Bor E\u011fitim:\u0130stanbul K\u00fclt\u00fcr \u00dcniversitesi \u2013 \u0130.\u0130.B.F. \u0130\u015fletme B\u00f6l\u00fcm\u00fc Lisans, 2009 \u0130\u015f Deneyimi: Baker Tilly G\u00fcreli YMM Vergi Denetimi Departman\u0131 2010 \u2013 2015 \u2726 Vergi denetimi ve tasdik \u00e7al\u0131\u015fmalar\u0131nda aktif g\u00f6rev alma\u2726\u00a0Mali tablolar\u0131n ve beyannamelerin incelenmesi\u2726 Vergi mevzuat\u0131na uyum kontrollerinin ger\u00e7ekle\u015ftirilmesi Mesleki YeterlilikSerbest Muhasebeci Mali M\u00fc\u015favir (SMMM) Dil:\u0130ngilizce (\u0130yi d\u00fczeyde) Beceriler:\u2726 Vergi Denetimi ve Vergi [&hellip;]<\/p>\n","protected":false},"author":1,"featured_media":0,"parent":3658,"menu_order":0,"comment_status":"closed","ping_status":"closed","template":"","meta":{"footnotes":""},"class_list":["post-4714","page","type-page","status-publish","hentry"],"_links":{"self":[{"href":"https:\/\/bemmalimusavirlik.com\/en\/wp-json\/wp\/v2\/pages\/4714","targetHints":{"allow":["GET"]}}],"collection":[{"href":"https:\/\/bemmalimusavirlik.com\/en\/wp-json\/wp\/v2\/pages"}],"about":[{"href":"https:\/\/bemmalimusavirlik.com\/en\/wp-json\/wp\/v2\/types\/page"}],"author":[{"embeddable":true,"href":"https:\/\/bemmalimusavirlik.com\/en\/wp-json\/wp\/v2\/users\/1"}],"replies":[{"embeddable":true,"href":"https:\/\/bemmalimusavirlik.com\/en\/wp-json\/wp\/v2\/comments?post=4714"}],"version-history":[{"count":1,"href":"https:\/\/bemmalimusavirlik.com\/en\/wp-json\/wp\/v2\/pages\/4714\/revisions"}],"predecessor-version":[{"id":6253,"href":"https:\/\/bemmalimusavirlik.com\/en\/wp-json\/wp\/v2\/pages\/4714\/revisions\/6253"}],"up":[{"embeddable":true,"href":"https:\/\/bemmalimusavirlik.com\/en\/wp-json\/wp\/v2\/pages\/3658"}],"wp:attachment":[{"href":"https:\/\/bemmalimusavirlik.com\/en\/wp-json\/wp\/v2\/media?parent=4714"}],"curies":[{"name":"wp","href":"https:\/\/api.w.org\/{rel}","templated":true}]}}