{"id":4745,"date":"2025-10-21T15:52:02","date_gmt":"2025-10-21T15:52:02","guid":{"rendered":"https:\/\/bemmalimusavirlik.com\/?page_id=4745"},"modified":"2026-01-17T09:13:11","modified_gmt":"2026-01-17T09:13:11","slug":"career","status":"publish","type":"page","link":"https:\/\/bemmalimusavirlik.com\/en\/career\/","title":{"rendered":"Career"},"content":{"rendered":"<div data-elementor-type=\"wp-page\" data-elementor-id=\"4745\" class=\"elementor elementor-4745\">\n\t\t\t\t\t\t<section class=\"elementor-section elementor-top-section elementor-element elementor-element-1648b9b elementor-section-content-middle elementor-section-boxed elementor-section-height-default elementor-section-height-default\" data-id=\"1648b9b\" data-element_type=\"section\" data-e-type=\"section\">\n\t\t\t\t\t\t<div class=\"elementor-container elementor-column-gap-default\">\n\t\t\t\t\t<div class=\"elementor-column elementor-col-50 elementor-top-column elementor-element elementor-element-f77f89f\" data-id=\"f77f89f\" data-element_type=\"column\" data-e-type=\"column\">\n\t\t\t<div class=\"elementor-widget-wrap elementor-element-populated\">\n\t\t\t\t\t\t<div class=\"elementor-element elementor-element-176e63e elementor-widget elementor-widget-hub_fancy_heading\" data-id=\"176e63e\" data-element_type=\"widget\" data-e-type=\"widget\" data-widget_type=\"hub_fancy_heading.default\">\n\t\t\t\t<div class=\"elementor-widget-container\">\n\t\t\t\t\t\n\t\t<div id=\"ld-fancy-heading-69fb1c50b8f16\" class=\"ld-fancy-heading pos-rel\">\n\t\t\t<h2 class=\"ld-fh-element d-inline-block pos-rel  elementor-heading-title lqd-highlight-classic lqd-highlight-grow-left h2\"  > BEM Career<\/h2>\t\t<\/div>\n\n\t\t\t\t\t\t<\/div>\n\t\t\t\t<\/div>\n\t\t\t\t<div class=\"elementor-element elementor-element-2c6d3d6 elementor-widget elementor-widget-text-editor\" data-id=\"2c6d3d6\" data-element_type=\"widget\" data-e-type=\"widget\" data-widget_type=\"text-editor.default\">\n\t\t\t\t\t\t\t\t\t<p class=\"p1\">Career at BEM Financial Consultancy is not just about working in one position, <span class=\"s1\"><b>to be part of a knowledge-based, disciplined and sustainable professional journey<\/b><\/span> means. We act with the sense of responsibility required by the financial advisory profession and provide a working environment that supports both the technical and professional development of our teammates.<\/p><p class=\"p1\">In a dynamic regulatory structure and changing business world, we aim to grow together with professionals who are open to learning, attentive to detail and committed to ethical values. In our structure based on open communication, teamwork and mutual trust, we value the ideas of our employees, encourage them to take responsibility and develop their expertise.<\/p><p class=\"p1\">If you want to take part in a team that has a holistic view of financial processes, is open to development and aims for a long-term career, BEM Financial Consultancy may be the right start for you.<\/p>\t\t\t\t\t\t\t\t<\/div>\n\t\t\t\t\t<\/div>\n\t\t<\/div>\n\t\t\t\t<div class=\"elementor-column elementor-col-50 elementor-top-column elementor-element elementor-element-2a74ccc\" data-id=\"2a74ccc\" data-element_type=\"column\" data-e-type=\"column\">\n\t\t\t<div class=\"elementor-widget-wrap elementor-element-populated\">\n\t\t\t\t\t\t<div class=\"elementor-element elementor-element-14187a6 elementor-invisible elementor-widget elementor-widget-ld_fancy_image\" data-id=\"14187a6\" data-element_type=\"widget\" data-e-type=\"widget\" data-settings=\"{&quot;_animation&quot;:&quot;fadeInRight&quot;}\" data-widget_type=\"ld_fancy_image.default\">\n\t\t\t\t<div class=\"elementor-widget-container\">\n\t\t\t\t\t\n\t\t<div class=\"lqd-imggrp-single d-block pos-rel\">\n\t\t\t<div class=\"lqd-imggrp-img-container d-inline-flex pos-rel align-items-center justify-content-center\">\n\t\t\t\t\t\t\t\t<figure class=\"w-100 pos-rel\">\n\t\t\t\t\t<img fetchpriority=\"high\" decoding=\"async\" width=\"1024\" height=\"1024\" src=\"https:\/\/bemmalimusavirlik.com\/wp-content\/uploads\/2026\/01\/Adsiz-tasarim-37.png\" class=\"attachment-full size-full wp-image-6041\" alt=\"\" srcset=\"https:\/\/bemmalimusavirlik.com\/wp-content\/uploads\/2026\/01\/Adsiz-tasarim-37.png 1024w, https:\/\/bemmalimusavirlik.com\/wp-content\/uploads\/2026\/01\/Adsiz-tasarim-37-300x300.png 300w, https:\/\/bemmalimusavirlik.com\/wp-content\/uploads\/2026\/01\/Adsiz-tasarim-37-150x150.png 150w, https:\/\/bemmalimusavirlik.com\/wp-content\/uploads\/2026\/01\/Adsiz-tasarim-37-12x12.png 12w, https:\/\/bemmalimusavirlik.com\/wp-content\/uploads\/2026\/01\/Adsiz-tasarim-37-320x320.png 320w, https:\/\/bemmalimusavirlik.com\/wp-content\/uploads\/2026\/01\/Adsiz-tasarim-37-760x760.png 760w\" sizes=\"(max-width: 1024px) 100vw, 1024px\" itemprop=\"image\" \/>\t\t\t\t\t\t\t\t\t\t\t\t\t\t\t\t\t\t\t\t\t\t\t\t\t\t\t\t\t<\/figure>\n\t\t\t<\/div>\n\t\t<\/div>\n\n\t\t\t\t\t<\/div>\n\t\t\t\t<\/div>\n\t\t\t\t\t<\/div>\n\t\t<\/div>\n\t\t\t\t\t<\/div>\n\t\t<\/section>\n\t\t<div class=\"elementor-element elementor-element-df65355 e-flex e-con-boxed e-con e-parent\" data-id=\"df65355\" data-element_type=\"container\" data-e-type=\"container\" data-settings=\"{&quot;background_background&quot;:&quot;classic&quot;}\">\n\t\t\t\t\t<div class=\"e-con-inner\">\n\t\t<div class=\"elementor-element elementor-element-e756ffe e-con-full e-flex e-con e-child\" data-id=\"e756ffe\" data-element_type=\"container\" data-e-type=\"container\">\n\t\t<div class=\"elementor-element elementor-element-f434d39 e-con-full e-flex e-con e-child\" data-id=\"f434d39\" data-element_type=\"container\" data-e-type=\"container\" data-settings=\"{&quot;background_background&quot;:&quot;classic&quot;}\">\n\t\t<div class=\"elementor-element elementor-element-9725c10 e-con-full e-flex e-con e-child\" data-id=\"9725c10\" data-element_type=\"container\" data-e-type=\"container\">\n\t\t\t\t<div class=\"elementor-element elementor-element-aa41359 elementor-widget elementor-widget-hub_fancy_heading\" data-id=\"aa41359\" data-element_type=\"widget\" data-e-type=\"widget\" data-widget_type=\"hub_fancy_heading.default\">\n\t\t\t\t<div class=\"elementor-widget-container\">\n\t\t\t\t\t\n\t\t<div id=\"ld-fancy-heading-69fb1c50cffcc\" class=\"ld-fancy-heading pos-rel\">\n\t\t\t<h2 class=\"ld-fh-element d-inline-block pos-rel  elementor-heading-title lqd-highlight-classic lqd-highlight-grow-left h2\"  > Open Positions<\/h2>\t\t<\/div>\n\n\t\t\t\t\t\t<\/div>\n\t\t\t\t<\/div>\n\t\t\t\t<\/div>\n\t\t\t\t<\/div>\n\t\t<div class=\"elementor-element elementor-element-179ffe5 e-con-full e-flex e-con e-child\" data-id=\"179ffe5\" data-element_type=\"container\" data-e-type=\"container\" data-settings=\"{&quot;background_background&quot;:&quot;classic&quot;}\">\n\t\t<div class=\"elementor-element elementor-element-0d33236 e-con-full e-flex e-con e-child\" data-id=\"0d33236\" data-element_type=\"container\" data-e-type=\"container\">\n\t\t\t\t<div class=\"elementor-element elementor-element-308c4e5 elementor-widget elementor-widget-hub_fancy_heading\" data-id=\"308c4e5\" data-element_type=\"widget\" data-e-type=\"widget\" data-widget_type=\"hub_fancy_heading.default\">\n\t\t\t\t<div class=\"elementor-widget-container\">\n\t\t\t\t\t\n\t\t<div id=\"ld-fancy-heading-69fb1c50d0b7f\" class=\"ld-fancy-heading pos-rel\">\n\t\t\t<h3 class=\"ld-fh-element d-inline-block pos-rel  elementor-heading-title lqd-highlight-classic lqd-highlight-grow-left h3\"  > General Application<\/h3>\t\t<\/div>\n\n\t\t\t\t\t\t<\/div>\n\t\t\t\t<\/div>\n\t\t\t\t<\/div>\n\t\t<div class=\"elementor-element elementor-element-cb46bce e-con-full e-flex e-con e-child\" data-id=\"cb46bce\" data-element_type=\"container\" data-e-type=\"container\">\n\t\t\t\t<div class=\"elementor-element elementor-element-dcd25fc elementor-align-right elementor-widget elementor-widget-ld_button\" data-id=\"dcd25fc\" data-element_type=\"widget\" data-e-type=\"widget\" data-widget_type=\"ld_button.default\">\n\t\t\t\t<div class=\"elementor-widget-container\">\n\t\t\t\t\t\n\t\t\t<a\n\t\t\t\tclass=\"elementor-button btn btn-solid btn-sm btn-icon-shaped btn-has-label\" data-lqd-lity=\"#modal-6153\" href=\"#modal-6153\"\t\t\t>\n\t\t\t\t\t\t\t\t\t<span data-text=\"Hemen Ba\u015fvur\" class=\"btn-txt\">\n\t\t\t\t\t\tApply Now\t\t\t\t\t<\/span>\n\t\t\t\t\t\t\t\t\t\t\t<\/a>\n\t\t\t\t\t\t\t<\/div>\n\t\t\t\t<\/div>\n\t\t\t\t<\/div>\n\t\t\t\t<\/div>\n\t\t<div class=\"elementor-element elementor-element-4404f6e e-con-full e-flex e-con e-child\" data-id=\"4404f6e\" data-element_type=\"container\" data-e-type=\"container\" data-settings=\"{&quot;background_background&quot;:&quot;classic&quot;}\">\n\t\t<div class=\"elementor-element elementor-element-4be23f9 e-con-full e-flex e-con e-child\" data-id=\"4be23f9\" data-element_type=\"container\" data-e-type=\"container\">\n\t\t\t\t<div class=\"elementor-element elementor-element-2d1c444 elementor-widget elementor-widget-hub_fancy_heading\" data-id=\"2d1c444\" data-element_type=\"widget\" data-e-type=\"widget\" data-widget_type=\"hub_fancy_heading.default\">\n\t\t\t\t<div class=\"elementor-widget-container\">\n\t\t\t\t\t\n\t\t<div id=\"ld-fancy-heading-69fb1c50d62ea\" class=\"ld-fancy-heading pos-rel\">\n\t\t\t<h3 class=\"ld-fh-element d-inline-block pos-rel  elementor-heading-title lqd-highlight-classic lqd-highlight-grow-left h3\"  > Accounting Specialist\n<\/h3>\t\t<\/div>\n\n\t\t\t\t\t\t<\/div>\n\t\t\t\t<\/div>\n\t\t\t\t<\/div>\n\t\t<div class=\"elementor-element elementor-element-b2a393a e-con-full e-flex e-con e-child\" data-id=\"b2a393a\" data-element_type=\"container\" data-e-type=\"container\">\n\t\t\t\t<div class=\"elementor-element elementor-element-8126fc3 elementor-align-right elementor-widget elementor-widget-ld_button\" data-id=\"8126fc3\" data-element_type=\"widget\" data-e-type=\"widget\" data-widget_type=\"ld_button.default\">\n\t\t\t\t<div class=\"elementor-widget-container\">\n\t\t\t\t\t\n\t\t\t<a\n\t\t\t\tclass=\"elementor-button btn btn-solid btn-sm btn-icon-shaped btn-has-label\" data-lqd-lity=\"#modal-6153\" href=\"#modal-6153\"\t\t\t>\n\t\t\t\t\t\t\t\t\t<span data-text=\"Hemen Ba\u015fvur\" class=\"btn-txt\">\n\t\t\t\t\t\tApply Now\t\t\t\t\t<\/span>\n\t\t\t\t\t\t\t\t\t\t\t<\/a>\n\t\t\t\t\t\t\t<\/div>\n\t\t\t\t<\/div>\n\t\t\t\t<\/div>\n\t\t\t\t<\/div>\n\t\t<div class=\"elementor-element elementor-element-72c336c e-con-full e-flex e-con e-child\" data-id=\"72c336c\" data-element_type=\"container\" data-e-type=\"container\" data-settings=\"{&quot;background_background&quot;:&quot;classic&quot;}\">\n\t\t<div class=\"elementor-element elementor-element-6089659 e-con-full e-flex e-con e-child\" data-id=\"6089659\" data-element_type=\"container\" data-e-type=\"container\">\n\t\t\t\t<div class=\"elementor-element elementor-element-e6b229e elementor-widget elementor-widget-hub_fancy_heading\" data-id=\"e6b229e\" data-element_type=\"widget\" data-e-type=\"widget\" data-widget_type=\"hub_fancy_heading.default\">\n\t\t\t\t<div class=\"elementor-widget-container\">\n\t\t\t\t\t\n\t\t<div id=\"ld-fancy-heading-69fb1c50d857e\" class=\"ld-fancy-heading pos-rel\">\n\t\t\t<h3 class=\"ld-fh-element d-inline-block pos-rel  elementor-heading-title lqd-highlight-classic lqd-highlight-grow-left h3\"  > Accounting Trainee\n<\/h3>\t\t<\/div>\n\n\t\t\t\t\t\t<\/div>\n\t\t\t\t<\/div>\n\t\t\t\t<\/div>\n\t\t<div class=\"elementor-element elementor-element-aa72f65 e-con-full e-flex e-con e-child\" data-id=\"aa72f65\" data-element_type=\"container\" data-e-type=\"container\">\n\t\t\t\t<div class=\"elementor-element elementor-element-e16ed35 elementor-align-right elementor-widget elementor-widget-ld_button\" data-id=\"e16ed35\" data-element_type=\"widget\" data-e-type=\"widget\" data-widget_type=\"ld_button.default\">\n\t\t\t\t<div class=\"elementor-widget-container\">\n\t\t\t\t\t\n\t\t\t<a\n\t\t\t\tclass=\"elementor-button btn btn-solid btn-sm btn-icon-shaped btn-has-label\" data-lqd-lity=\"#modal-6153\" href=\"#modal-6153\"\t\t\t>\n\t\t\t\t\t\t\t\t\t<span data-text=\"Hemen Ba\u015fvur\" class=\"btn-txt\">\n\t\t\t\t\t\tApply Now\t\t\t\t\t<\/span>\n\t\t\t\t\t\t\t\t\t\t\t<\/a>\n\t\t\t\t\t\t\t<\/div>\n\t\t\t\t<\/div>\n\t\t\t\t<\/div>\n\t\t\t\t<\/div>\n\t\t\t\t<\/div>\n\t\t\t\t\t<\/div>\n\t\t\t\t<\/div>\n\t\t\t\t<\/div>","protected":false},"excerpt":{"rendered":"<p>BEM Kariyer BEM Mali M\u00fc\u015favirlik\u2019te kariyer; yaln\u0131zca bir pozisyonda \u00e7al\u0131\u015fmak de\u011fil, bilgiye dayal\u0131, disiplinli ve s\u00fcrd\u00fcr\u00fclebilir bir mesleki yolculu\u011fun par\u00e7as\u0131 olmak anlam\u0131na gelir. Mali m\u00fc\u015favirlik mesle\u011finin gerektirdi\u011fi sorumluluk bilinciyle hareket eder, ekip arkada\u015flar\u0131m\u0131z\u0131n hem teknik hem de mesleki geli\u015fimini destekleyen bir \u00e7al\u0131\u015fma ortam\u0131 sunar\u0131z. Dinamik mevzuat yap\u0131s\u0131 ve de\u011fi\u015fen i\u015f d\u00fcnyas\u0131 i\u00e7inde, \u00f6\u011frenmeye a\u00e7\u0131k, detaylara [&hellip;]<\/p>\n","protected":false},"author":1,"featured_media":0,"parent":0,"menu_order":0,"comment_status":"closed","ping_status":"closed","template":"","meta":{"footnotes":""},"class_list":["post-4745","page","type-page","status-publish","hentry"],"_links":{"self":[{"href":"https:\/\/bemmalimusavirlik.com\/en\/wp-json\/wp\/v2\/pages\/4745","targetHints":{"allow":["GET"]}}],"collection":[{"href":"https:\/\/bemmalimusavirlik.com\/en\/wp-json\/wp\/v2\/pages"}],"about":[{"href":"https:\/\/bemmalimusavirlik.com\/en\/wp-json\/wp\/v2\/types\/page"}],"author":[{"embeddable":true,"href":"https:\/\/bemmalimusavirlik.com\/en\/wp-json\/wp\/v2\/users\/1"}],"replies":[{"embeddable":true,"href":"https:\/\/bemmalimusavirlik.com\/en\/wp-json\/wp\/v2\/comments?post=4745"}],"version-history":[{"count":1,"href":"https:\/\/bemmalimusavirlik.com\/en\/wp-json\/wp\/v2\/pages\/4745\/revisions"}],"predecessor-version":[{"id":6251,"href":"https:\/\/bemmalimusavirlik.com\/en\/wp-json\/wp\/v2\/pages\/4745\/revisions\/6251"}],"wp:attachment":[{"href":"https:\/\/bemmalimusavirlik.com\/en\/wp-json\/wp\/v2\/media?parent=4745"}],"curies":[{"name":"wp","href":"https:\/\/api.w.org\/{rel}","templated":true}]}}